{"id":657,"date":"2023-06-12T16:43:29","date_gmt":"2023-06-12T16:43:29","guid":{"rendered":"https:\/\/oasis-trainingplatform.com\/?page_id=657"},"modified":"2024-01-15T12:31:28","modified_gmt":"2024-01-15T12:31:28","slug":"login","status":"publish","type":"page","link":"https:\/\/oasis-trainingplatform.com\/es\/login\/","title":{"rendered":"Login"},"content":{"rendered":"\t\t<div data-elementor-type=\"wp-page\" data-elementor-id=\"657\" class=\"elementor elementor-657\" data-elementor-settings=\"{&quot;ha_cmc_init_switcher&quot;:&quot;no&quot;}\" data-elementor-post-type=\"page\">\n\t\t\t\t\t\t<section data-particle_enable=\"false\" data-particle-mobile-disabled=\"false\" data-dce-background-color=\"#455A640A\" class=\"elementor-section elementor-top-section elementor-element elementor-element-cb4eb2b elementor-section-full_width elementor-section-height-default elementor-section-height-default\" data-id=\"cb4eb2b\" data-element_type=\"section\" data-e-type=\"section\" data-settings=\"{&quot;background_background&quot;:&quot;classic&quot;}\">\n\t\t\t\t\t\t<div class=\"elementor-container elementor-column-gap-no\">\n\t\t\t\t\t<div class=\"elementor-column elementor-col-50 elementor-top-column elementor-element elementor-element-912d472\" data-id=\"912d472\" data-element_type=\"column\" data-e-type=\"column\">\n\t\t\t<div class=\"elementor-widget-wrap\">\n\t\t\t\t\t\t\t<\/div>\n\t\t<\/div>\n\t\t\t\t<div class=\"elementor-column elementor-col-50 elementor-top-column elementor-element elementor-element-bf8dec0\" data-id=\"bf8dec0\" data-element_type=\"column\" data-e-type=\"column\">\n\t\t\t<div class=\"elementor-widget-wrap elementor-element-populated\">\n\t\t\t\t\t\t\t<\/div>\n\t\t<\/div>\n\t\t\t\t\t<\/div>\n\t\t<\/section>\n\t\t\t\t<section data-particle_enable=\"false\" data-particle-mobile-disabled=\"false\" data-dce-background-color=\"#455A640A\" class=\"elementor-section elementor-top-section elementor-element elementor-element-09f62c5 elementor-section-height-min-height elementor-section-full_width elementor-section-items-stretch elementor-section-height-default\" data-id=\"09f62c5\" data-element_type=\"section\" data-e-type=\"section\" data-settings=\"{&quot;background_background&quot;:&quot;gradient&quot;}\">\n\t\t\t\t\t\t<div class=\"elementor-container elementor-column-gap-no\">\n\t\t\t\t\t<div class=\"elementor-column elementor-col-50 elementor-top-column elementor-element elementor-element-c5aa13b\" data-id=\"c5aa13b\" data-element_type=\"column\" data-e-type=\"column\">\n\t\t\t<div class=\"elementor-widget-wrap elementor-element-populated\">\n\t\t\t\t\t\t<div class=\"elementor-element elementor-element-07eb664 elementor-widget elementor-widget-spacer\" data-id=\"07eb664\" data-element_type=\"widget\" data-e-type=\"widget\" data-widget_type=\"spacer.default\">\n\t\t\t\t<div class=\"elementor-widget-container\">\n\t\t\t\t\t\t\t<div class=\"elementor-spacer\">\n\t\t\t<div class=\"elementor-spacer-inner\"><\/div>\n\t\t<\/div>\n\t\t\t\t\t\t<\/div>\n\t\t\t\t<\/div>\n\t\t\t\t<div class=\"elementor-element elementor-element-768cc02 dce_masking-none elementor-widget elementor-widget-image\" data-id=\"768cc02\" data-element_type=\"widget\" data-e-type=\"widget\" data-widget_type=\"image.default\">\n\t\t\t\t<div class=\"elementor-widget-container\">\n\t\t\t\t\t\t\t\t\t\t\t\t\t\t\t<img fetchpriority=\"high\" decoding=\"async\" width=\"2640\" height=\"810\" src=\"https:\/\/oasis-trainingplatform.com\/wp-content\/uploads\/2023\/07\/OASIS_logo_big.png\" class=\"attachment-full size-full wp-image-1301\" alt=\"OASIS website\" srcset=\"https:\/\/oasis-trainingplatform.com\/wp-content\/uploads\/2023\/07\/OASIS_logo_big.png 2640w, https:\/\/oasis-trainingplatform.com\/wp-content\/uploads\/2023\/07\/OASIS_logo_big-300x92.png 300w, https:\/\/oasis-trainingplatform.com\/wp-content\/uploads\/2023\/07\/OASIS_logo_big-1024x314.png 1024w, https:\/\/oasis-trainingplatform.com\/wp-content\/uploads\/2023\/07\/OASIS_logo_big-768x236.png 768w, https:\/\/oasis-trainingplatform.com\/wp-content\/uploads\/2023\/07\/OASIS_logo_big-1536x471.png 1536w, https:\/\/oasis-trainingplatform.com\/wp-content\/uploads\/2023\/07\/OASIS_logo_big-2048x628.png 2048w\" sizes=\"(max-width: 2640px) 100vw, 2640px\" \/>\t\t\t\t\t\t\t\t\t\t\t\t\t\t\t<\/div>\n\t\t\t\t<\/div>\n\t\t\t\t<div data-dce-title-color=\"#113D89\" class=\"elementor-element elementor-element-a6f0001 elementor-widget elementor-widget-heading\" data-id=\"a6f0001\" data-element_type=\"widget\" data-e-type=\"widget\" data-widget_type=\"heading.default\">\n\t\t\t\t<div class=\"elementor-widget-container\">\n\t\t\t\t\t<h2 class=\"elementor-heading-title elementor-size-default\">La Comunidad M\u00e9dica de Osteoartritis<\/h2>\t\t\t\t<\/div>\n\t\t\t\t<\/div>\n\t\t\t\t<div class=\"elementor-element elementor-element-3412f28 elementor-widget elementor-widget-heading\" data-id=\"3412f28\" data-element_type=\"widget\" data-e-type=\"widget\" data-widget_type=\"heading.default\">\n\t\t\t\t<div class=\"elementor-widget-container\">\n\t\t\t\t\t<h4 class=\"elementor-heading-title elementor-size-default\">Destinado a profesionales de la salud<\/h4>\t\t\t\t<\/div>\n\t\t\t\t<\/div>\n\t\t\t\t<div class=\"elementor-element elementor-element-8d5be6d elementor-widget elementor-widget-spacer\" data-id=\"8d5be6d\" data-element_type=\"widget\" data-e-type=\"widget\" data-widget_type=\"spacer.default\">\n\t\t\t\t<div class=\"elementor-widget-container\">\n\t\t\t\t\t\t\t<div class=\"elementor-spacer\">\n\t\t\t<div class=\"elementor-spacer-inner\"><\/div>\n\t\t<\/div>\n\t\t\t\t\t\t<\/div>\n\t\t\t\t<\/div>\n\t\t\t\t<div class=\"elementor-element elementor-element-0892c9e elementor-widget elementor-widget-shortcode\" data-id=\"0892c9e\" data-element_type=\"widget\" data-e-type=\"widget\" data-widget_type=\"shortcode.default\">\n\t\t\t\t<div class=\"elementor-widget-container\">\n\t\t\t\t\t\t\t<div class=\"elementor-shortcode\">\n<div class=\"um um-login um-65\">\n\t<div class=\"um-form\">\n\t\t<form method=\"post\" action=\"\" autocomplete=\"off\">\n\t\t\t<div class=\"um-row _um_row_1 \" style=\"margin: 0 0 30px 0;\"><div class=\"um-col-121\"><div  id=\"um_field_65_username\" class=\"um-field um-field-text  um-field-username um-field-text um-field-type_text\" data-key=\"username\"><div class=\"um-field-area\"><input  autocomplete=\"off\" class=\"um-form-field valid \" type=\"text\" name=\"username-65\" id=\"username-65\" value=\"\" placeholder=\"E-mail\" data-validate=\"unique_username_or_email\" data-key=\"username\"  aria-invalid=\"false\" \/>\n\n\t\t\t\t\t\t<\/div><\/div><\/div><div class=\"um-col-122\"><div  id=\"um_field_65_user_password\" class=\"um-field um-field-password  um-field-user_password um-field-password um-field-type_password\" data-key=\"user_password\"><div class=\"um-field-area\"><input class=\"um-form-field valid \" type=\"password\" name=\"user_password-65\" id=\"user_password-65\" value=\"\" placeholder=\"Contrase\u00f1a\" data-validate=\"\" data-key=\"user_password\"  aria-invalid=\"false\" \/>\n\n\t\t\t\t\t\t\t<\/div><\/div><\/div><div class=\"um-clear\"><\/div><\/div><div class=\"um-row _um_row_2 \" style=\"margin: 0 0 30px 0;\"><div class=\"um-col-1\"><div  class=\"um-field um-field-block  um-field-block um-field-type_block\" data-key=\"um_block_65_5\"><p style=\"text-align: center;font-size: 14px\">\u00bfA\u00fan no tiene cuenta? Puede registrarse ahora y pronto recibir\u00e1 acceso a la plataforma de formaci\u00f3n online sobre osteoartritis, OASIS.<\/p>\r\n<p style=\"text-align: center;font-size: 14px\"><a style=\"text-align: center;font-size: 15px\" href=\"\/registro\/\">Reg\u00edstrese aqu\u00ed<\/a><\/p><\/div><\/div><\/div>\t<input type=\"hidden\" name=\"form_id\" id=\"form_id_65\" value=\"65\" \/>\n\t\t<p class=\"um_request_name\">\n\t\t<label for=\"um_request_65\">Only fill in if you are not human<\/label>\n\t\t<input type=\"hidden\" name=\"um_request\" id=\"um_request_65\" class=\"input\" value=\"\" size=\"25\" autocomplete=\"off\" \/>\n\t<\/p>\n\t<input type=\"hidden\" name=\"redirect_to\" id=\"redirect_to\" value=\"https:\/\/oasis-trainingplatform.com\/\" \/><input type=\"hidden\" id=\"_wpnonce\" name=\"_wpnonce\" value=\"215c9c686d\" \/><input type=\"hidden\" name=\"_wp_http_referer\" value=\"\/es\/wp-json\/wp\/v2\/pages\/657\" \/>\n<div class=\"g-recaptcha\" id=\"um-65\" data-mode=\"login\"><\/div>\n\n\n\t<div class=\"um-col-alt\">\n\n\t\t\n\n\t\t\t<div class=\"um-field um-field-c\">\n\t\t\t\t<div class=\"um-field-area\">\n\t\t\t\t\t<label class=\"um-field-checkbox\">\n\t\t\t\t\t\t<input type=\"checkbox\" name=\"rememberme\" value=\"1\"  \/>\n\t\t\t\t\t\t<span class=\"um-field-checkbox-state\"><i class=\"um-icon-android-checkbox-outline-blank\"><\/i><\/span>\n\t\t\t\t\t\t<span class=\"um-field-checkbox-option\"> Mantenerme conectado<\/span>\n\t\t\t\t\t<\/label>\n\t\t\t\t<\/div>\n\t\t\t<\/div>\n\n\t\t\t\t\t\t<div class=\"um-clear\"><\/div>\n\t\t\n\t\t\t<div class=\"um-center\">\n\t\t\t\t<input type=\"submit\" value=\"Acceder\" class=\"um-button\" id=\"um-submit-btn\" \/>\n\t\t\t<\/div>\n\n\t\t\n\t\t<div class=\"um-clear\"><\/div>\n\n\t<\/div>\n\n\t\n\t<div class=\"um-col-alt-b\">\n\t\t<a href=\"https:\/\/oasis-trainingplatform.com\/es\/password-reset\/\" class=\"um-link-alt\">\n\t\t\t\u00bfHas olvidado tu contrase\u00f1a?\t\t<\/a>\n\t<\/div>\n\n\t\t\t<\/form>\n\t<\/div>\n<\/div>\n<style>\n\t\t\t.um-65.um {\n\t\t\tmax-width: 500px;\n\t\t}\n\t\t<\/style>\n<\/div>\n\t\t\t\t\t\t<\/div>\n\t\t\t\t<\/div>\n\t\t\t\t\t<\/div>\n\t\t<\/div>\n\t\t\t\t<div class=\"elementor-column elementor-col-50 elementor-top-column elementor-element elementor-element-2abf72d\" data-id=\"2abf72d\" data-element_type=\"column\" data-e-type=\"column\">\n\t\t\t<div class=\"elementor-widget-wrap elementor-element-populated\">\n\t\t\t\t\t\t<div class=\"elementor-element elementor-element-dec7792 dce_masking-none elementor-widget elementor-widget-image\" data-id=\"dec7792\" data-element_type=\"widget\" data-e-type=\"widget\" data-widget_type=\"image.default\">\n\t\t\t\t<div class=\"elementor-widget-container\">\n\t\t\t\t\t\t\t\t\t\t\t\t\t\t\t<img decoding=\"async\" width=\"1024\" height=\"864\" src=\"https:\/\/oasis-trainingplatform.com\/wp-content\/uploads\/2023\/07\/OASIS_landing-registro-1024x864.png\" class=\"attachment-large size-large wp-image-1313\" alt=\"OASIS registro\" srcset=\"https:\/\/oasis-trainingplatform.com\/wp-content\/uploads\/2023\/07\/OASIS_landing-registro-1024x864.png 1024w, https:\/\/oasis-trainingplatform.com\/wp-content\/uploads\/2023\/07\/OASIS_landing-registro-300x253.png 300w, https:\/\/oasis-trainingplatform.com\/wp-content\/uploads\/2023\/07\/OASIS_landing-registro-768x648.png 768w, https:\/\/oasis-trainingplatform.com\/wp-content\/uploads\/2023\/07\/OASIS_landing-registro-1536x1295.png 1536w, https:\/\/oasis-trainingplatform.com\/wp-content\/uploads\/2023\/07\/OASIS_landing-registro-2048x1727.png 2048w\" sizes=\"(max-width: 1024px) 100vw, 1024px\" \/>\t\t\t\t\t\t\t\t\t\t\t\t\t\t\t<\/div>\n\t\t\t\t<\/div>\n\t\t\t\t\t<\/div>\n\t\t<\/div>\n\t\t\t\t\t<\/div>\n\t\t<\/section>\n\t\t\t\t<\/div>\n\t\t","protected":false},"excerpt":{"rendered":"<p>La Comunidad M\u00e9dica de Osteoartritis Destinado a profesionales de la salud<\/p>\n","protected":false},"author":1,"featured_media":0,"parent":0,"menu_order":0,"comment_status":"closed","ping_status":"closed","template":"","meta":{"_acf_changed":false,"_editorskit_title_hidden":false,"_editorskit_reading_time":0,"_editorskit_is_block_options_detached":false,"_editorskit_block_options_position":"{}","site-sidebar-layout":"no-sidebar","site-content-layout":"page-builder","ast-site-content-layout":"default","site-content-style":"default","site-sidebar-style":"default","ast-global-header-display":"disabled","ast-banner-title-visibility":"","ast-main-header-display":"","ast-hfb-above-header-display":"","ast-hfb-below-header-display":"","ast-hfb-mobile-header-display":"","site-post-title":"disabled","ast-breadcrumbs-content":"","ast-featured-img":"disabled","footer-sml-layout":"disabled","ast-disable-related-posts":"","theme-transparent-header-meta":"","adv-header-id-meta":"","stick-header-meta":"","header-above-stick-meta":"","header-main-stick-meta":"","header-below-stick-meta":"","astra-migrate-meta-layouts":"default","ast-page-background-enabled":"default","ast-page-background-meta":{"desktop":{"background-color":"var(--ast-global-color-4)","background-image":"","background-repeat":"repeat","background-position":"center center","background-size":"auto","background-attachment":"scroll","background-type":"","background-media":"","overlay-type":"","overlay-color":"","overlay-opacity":"","overlay-gradient":""},"tablet":{"background-color":"","background-image":"","background-repeat":"repeat","background-position":"center center","background-size":"auto","background-attachment":"scroll","background-type":"","background-media":"","overlay-type":"","overlay-color":"","overlay-opacity":"","overlay-gradient":""},"mobile":{"background-color":"","background-image":"","background-repeat":"repeat","background-position":"center center","background-size":"auto","background-attachment":"scroll","background-type":"","background-media":"","overlay-type":"","overlay-color":"","overlay-opacity":"","overlay-gradient":""}},"ast-content-background-meta":{"desktop":{"background-color":"var(--ast-global-color-5)","background-image":"","background-repeat":"repeat","background-position":"center center","background-size":"auto","background-attachment":"scroll","background-type":"","background-media":"","overlay-type":"","overlay-color":"","overlay-opacity":"","overlay-gradient":""},"tablet":{"background-color":"var(--ast-global-color-5)","background-image":"","background-repeat":"repeat","background-position":"center center","background-size":"auto","background-attachment":"scroll","background-type":"","background-media":"","overlay-type":"","overlay-color":"","overlay-opacity":"","overlay-gradient":""},"mobile":{"background-color":"var(--ast-global-color-5)","background-image":"","background-repeat":"repeat","background-position":"center center","background-size":"auto","background-attachment":"scroll","background-type":"","background-media":"","overlay-type":"","overlay-color":"","overlay-opacity":"","overlay-gradient":""}},"footnotes":""},"class_list":["post-657","page","type-page","status-publish","hentry"],"acf":[],"_links":{"self":[{"href":"https:\/\/oasis-trainingplatform.com\/es\/wp-json\/wp\/v2\/pages\/657","targetHints":{"allow":["GET"]}}],"collection":[{"href":"https:\/\/oasis-trainingplatform.com\/es\/wp-json\/wp\/v2\/pages"}],"about":[{"href":"https:\/\/oasis-trainingplatform.com\/es\/wp-json\/wp\/v2\/types\/page"}],"author":[{"embeddable":true,"href":"https:\/\/oasis-trainingplatform.com\/es\/wp-json\/wp\/v2\/users\/1"}],"replies":[{"embeddable":true,"href":"https:\/\/oasis-trainingplatform.com\/es\/wp-json\/wp\/v2\/comments?post=657"}],"version-history":[{"count":102,"href":"https:\/\/oasis-trainingplatform.com\/es\/wp-json\/wp\/v2\/pages\/657\/revisions"}],"predecessor-version":[{"id":8009,"href":"https:\/\/oasis-trainingplatform.com\/es\/wp-json\/wp\/v2\/pages\/657\/revisions\/8009"}],"wp:attachment":[{"href":"https:\/\/oasis-trainingplatform.com\/es\/wp-json\/wp\/v2\/media?parent=657"}],"curies":[{"name":"wp","href":"https:\/\/api.w.org\/{rel}","templated":true}]}}