{"id":9665,"date":"2024-04-17T16:09:57","date_gmt":"2024-04-17T16:09:57","guid":{"rendered":"https:\/\/oasis-trainingplatform.com\/laboratorios-expanscience\/"},"modified":"2024-04-23T15:26:15","modified_gmt":"2024-04-23T15:26:15","slug":"laboratorios-expanscience","status":"publish","type":"page","link":"https:\/\/oasis-trainingplatform.com\/es\/laboratorios-expanscience\/","title":{"rendered":"Laboratorios Expanscience"},"content":{"rendered":"\t\t<div data-elementor-type=\"wp-page\" data-elementor-id=\"9665\" class=\"elementor elementor-9665 elementor-9661\" data-elementor-settings=\"{&quot;ha_cmc_init_switcher&quot;:&quot;no&quot;}\" data-elementor-post-type=\"page\">\n\t\t\t\t\t\t<section data-particle_enable=\"false\" data-particle-mobile-disabled=\"false\" data-dce-background-color=\"#DCEEF7\" class=\"elementor-section elementor-top-section elementor-element elementor-element-ae1fb36 elementor-section-boxed elementor-section-height-default elementor-section-height-default\" data-id=\"ae1fb36\" data-element_type=\"section\" data-e-type=\"section\" data-settings=\"{&quot;background_background&quot;:&quot;classic&quot;,&quot;_ha_eqh_enable&quot;:false}\">\n\t\t\t\t\t\t<div class=\"elementor-container elementor-column-gap-default\">\n\t\t\t\t\t<div class=\"elementor-column elementor-col-50 elementor-top-column elementor-element elementor-element-138ba4c\" data-id=\"138ba4c\" data-element_type=\"column\" data-e-type=\"column\">\n\t\t\t<div class=\"elementor-widget-wrap elementor-element-populated\">\n\t\t\t\t\t\t<div class=\"elementor-element elementor-element-5dc57a3 dce_masking-none elementor-widget elementor-widget-image\" data-id=\"5dc57a3\" data-element_type=\"widget\" data-e-type=\"widget\" data-widget_type=\"image.default\">\n\t\t\t\t<div class=\"elementor-widget-container\">\n\t\t\t\t\t\t\t\t\t\t\t\t\t\t\t<img fetchpriority=\"high\" decoding=\"async\" width=\"1024\" height=\"683\" src=\"https:\/\/oasis-trainingplatform.com\/wp-content\/uploads\/2024\/04\/laboratories-expanscience-1024x683.jpg\" class=\"attachment-large size-large wp-image-9701\" alt=\"\" srcset=\"https:\/\/oasis-trainingplatform.com\/wp-content\/uploads\/2024\/04\/laboratories-expanscience-1024x683.jpg 1024w, https:\/\/oasis-trainingplatform.com\/wp-content\/uploads\/2024\/04\/laboratories-expanscience-300x200.jpg 300w, https:\/\/oasis-trainingplatform.com\/wp-content\/uploads\/2024\/04\/laboratories-expanscience-768x512.jpg 768w, https:\/\/oasis-trainingplatform.com\/wp-content\/uploads\/2024\/04\/laboratories-expanscience.jpg 1080w\" sizes=\"(max-width: 1024px) 100vw, 1024px\" \/>\t\t\t\t\t\t\t\t\t\t\t\t\t\t\t<\/div>\n\t\t\t\t<\/div>\n\t\t\t\t\t<\/div>\n\t\t<\/div>\n\t\t\t\t<div class=\"elementor-column elementor-col-50 elementor-top-column elementor-element elementor-element-a242795\" data-id=\"a242795\" data-element_type=\"column\" data-e-type=\"column\">\n\t\t\t<div class=\"elementor-widget-wrap elementor-element-populated\">\n\t\t\t\t\t\t<div class=\"elementor-element elementor-element-3124068 elementor-widget elementor-widget-heading\" data-id=\"3124068\" data-element_type=\"widget\" data-e-type=\"widget\" data-widget_type=\"heading.default\">\n\t\t\t\t<div class=\"elementor-widget-container\">\n\t\t\t\t\t<h2 class=\"elementor-heading-title elementor-size-default\">Laboratorios Expanscience<\/h2>\t\t\t\t<\/div>\n\t\t\t\t<\/div>\n\t\t\t\t<div class=\"elementor-element elementor-element-0b2da0b elementor-widget elementor-widget-text-editor\" data-id=\"0b2da0b\" data-element_type=\"widget\" data-e-type=\"widget\" data-widget_type=\"text-editor.default\">\n\t\t\t\t<div class=\"elementor-widget-container\">\n\t\t\t\t\t\t\t\t\t<p>Una empresa francesa orientada a la misi\u00f3n, comprometida en OA desde hace m\u00e1s de 30 a\u00f1os.<\/p>\n\t\t\t\t\t\t\t\t<\/div>\n\t\t\t\t<\/div>\n\t\t\t\t\t<\/div>\n\t\t<\/div>\n\t\t\t\t\t<\/div>\n\t\t<\/section>\n\t\t\t\t<section data-particle_enable=\"false\" data-particle-mobile-disabled=\"false\" class=\"elementor-section elementor-top-section elementor-element elementor-element-119a5df elementor-section-boxed elementor-section-height-default elementor-section-height-default\" data-id=\"119a5df\" data-element_type=\"section\" data-e-type=\"section\" data-settings=\"{&quot;_ha_eqh_enable&quot;:false}\">\n\t\t\t\t\t\t<div class=\"elementor-container elementor-column-gap-default\">\n\t\t\t\t\t<div class=\"elementor-column elementor-col-50 elementor-top-column elementor-element elementor-element-2e00d8f\" data-id=\"2e00d8f\" data-element_type=\"column\" data-e-type=\"column\">\n\t\t\t<div class=\"elementor-widget-wrap elementor-element-populated\">\n\t\t\t\t\t\t<div class=\"elementor-element elementor-element-6fc6b0a elementor-widget elementor-widget-heading\" data-id=\"6fc6b0a\" data-element_type=\"widget\" data-e-type=\"widget\" data-widget_type=\"heading.default\">\n\t\t\t\t<div class=\"elementor-widget-container\">\n\t\t\t\t\t<h2 class=\"elementor-heading-title elementor-size-default\">Una empresa familiar e independiente\n<\/h2>\t\t\t\t<\/div>\n\t\t\t\t<\/div>\n\t\t\t\t<div class=\"elementor-element elementor-element-7aed987 elementor-widget elementor-widget-text-editor\" data-id=\"7aed987\" data-element_type=\"widget\" data-e-type=\"widget\" data-widget_type=\"text-editor.default\">\n\t\t\t\t<div class=\"elementor-widget-container\">\n\t\t\t\t\t\t\t\t\t<p>La independencia es nuestra savia. Somos una empresa francesa 100% familiar, fundada hace m\u00e1s de 70 a\u00f1os.<\/p>\n\t\t\t\t\t\t\t\t<\/div>\n\t\t\t\t<\/div>\n\t\t\t\t<div class=\"elementor-element elementor-element-9b66ac8 elementor-widget elementor-widget-heading\" data-id=\"9b66ac8\" data-element_type=\"widget\" data-e-type=\"widget\" data-widget_type=\"heading.default\">\n\t\t\t\t<div class=\"elementor-widget-container\">\n\t\t\t\t\t<h2 class=\"elementor-heading-title elementor-size-default\">Nuestra misi\u00f3n<\/h2>\t\t\t\t<\/div>\n\t\t\t\t<\/div>\n\t\t\t\t<div class=\"elementor-element elementor-element-e9f5171 elementor-widget elementor-widget-text-editor\" data-id=\"e9f5171\" data-element_type=\"widget\" data-e-type=\"widget\" data-widget_type=\"text-editor.default\">\n\t\t\t\t<div class=\"elementor-widget-container\">\n\t\t\t\t\t\t\t\t\t<p>En Expanscience, somos una empresa impulsada por una misi\u00f3n, y nuestro prop\u00f3sito es ayudar a las personas a dar forma a su bienestar, desde los m\u00e1s j\u00f3venes hasta los m\u00e1s mayores.<\/p>\n<p>Nuestro impacto positivo en la sociedad y el medio ambiente ha sido reconocido con la etiqueta B Corp, y nos comprometemos a ser una empresa mejor para el mundo.<\/p>\n\t\t\t\t\t\t\t\t<\/div>\n\t\t\t\t<\/div>\n\t\t\t\t<div class=\"elementor-element elementor-element-6b4c5bf elementor-align-left elementor-mobile-align-center elementor-widget elementor-widget-button\" data-id=\"6b4c5bf\" data-element_type=\"widget\" data-e-type=\"widget\" data-widget_type=\"button.default\">\n\t\t\t\t<div class=\"elementor-widget-container\">\n\t\t\t\t\t\t\t\t\t<div class=\"elementor-button-wrapper\">\n\t\t\t\t\t<a class=\"elementor-button elementor-button-link elementor-size-md\" href=\"https:\/\/www.expanscience.com\/en\/\" target=\"_blank\" rel=\"nofollow noopener\">\n\t\t\t\t\t\t<span class=\"elementor-button-content-wrapper\">\n\t\t\t\t\t\t<span class=\"elementor-button-icon\">\n\t\t\t\t<i aria-hidden=\"true\" class=\"fas fa-angle-right\"><\/i>\t\t\t<\/span>\n\t\t\t\t\t\t\t\t\t<span class=\"elementor-button-text\">Saber m\u00e1s<\/span>\n\t\t\t\t\t<\/span>\n\t\t\t\t\t<\/a>\n\t\t\t\t<\/div>\n\t\t\t\t\t\t\t\t<\/div>\n\t\t\t\t<\/div>\n\t\t\t\t<div class=\"elementor-element elementor-element-d73d67b elementor-widget elementor-widget-heading\" data-id=\"d73d67b\" data-element_type=\"widget\" data-e-type=\"widget\" data-widget_type=\"heading.default\">\n\t\t\t\t<div class=\"elementor-widget-container\">\n\t\t\t\t\t<h2 class=\"elementor-heading-title elementor-size-default\">Comprometidos en OA desde hace m\u00e1s de 30 a\u00f1os<\/h2>\t\t\t\t<\/div>\n\t\t\t\t<\/div>\n\t\t\t\t<div class=\"elementor-element elementor-element-89a8142 elementor-widget elementor-widget-text-editor\" data-id=\"89a8142\" data-element_type=\"widget\" data-e-type=\"widget\" data-widget_type=\"text-editor.default\">\n\t\t\t\t<div class=\"elementor-widget-container\">\n\t\t\t\t\t\t\t\t\t<p>Estamos convencidos de que el envejecimiento y la calidad de vida pueden conciliarse.<\/p>\n<p>Por eso ayudamos a millones de personas que padecen artrosis a seguir haciendo lo que les gusta el mayor tiempo posible.<\/p>\n<ul>\n<li>Dise\u00f1amos soluciones terap\u00e9uticas,<\/li>\n<li>desarrollamos servicios que ayudan a los pacientes a hacerse cargo de su enfermedad,<\/li>\n<li>nos movilizamos junto con los profesionales sanitarios y la sociedad en su conjunto para mejorar la prevenci\u00f3n, el diagn\u00f3stico y el cumplimiento.<\/li>\n<\/ul>\n\t\t\t\t\t\t\t\t<\/div>\n\t\t\t\t<\/div>\n\t\t\t\t<div class=\"elementor-element elementor-element-543117e elementor-align-left elementor-mobile-align-center elementor-widget elementor-widget-button\" data-id=\"543117e\" data-element_type=\"widget\" data-e-type=\"widget\" data-widget_type=\"button.default\">\n\t\t\t\t<div class=\"elementor-widget-container\">\n\t\t\t\t\t\t\t\t\t<div class=\"elementor-button-wrapper\">\n\t\t\t\t\t<a class=\"elementor-button elementor-button-link elementor-size-md\" href=\"https:\/\/www.expanscience.com\/en\/naturally-expert-company\/reconcile-aging-and-quality-life\" target=\"_blank\" rel=\"nofollow noopener\">\n\t\t\t\t\t\t<span class=\"elementor-button-content-wrapper\">\n\t\t\t\t\t\t<span class=\"elementor-button-icon\">\n\t\t\t\t<i aria-hidden=\"true\" class=\"fas fa-angle-right\"><\/i>\t\t\t<\/span>\n\t\t\t\t\t\t\t\t\t<span class=\"elementor-button-text\">Descubre<\/span>\n\t\t\t\t\t<\/span>\n\t\t\t\t\t<\/a>\n\t\t\t\t<\/div>\n\t\t\t\t\t\t\t\t<\/div>\n\t\t\t\t<\/div>\n\t\t\t\t\t<\/div>\n\t\t<\/div>\n\t\t\t\t<div class=\"elementor-column elementor-col-50 elementor-top-column elementor-element elementor-element-b6590ac\" data-id=\"b6590ac\" data-element_type=\"column\" data-e-type=\"column\">\n\t\t\t<div class=\"elementor-widget-wrap elementor-element-populated\">\n\t\t\t\t\t\t<div class=\"elementor-element elementor-element-415a12e dce_masking-none elementor-widget elementor-widget-image\" data-id=\"415a12e\" data-element_type=\"widget\" data-e-type=\"widget\" data-widget_type=\"image.default\">\n\t\t\t\t<div class=\"elementor-widget-container\">\n\t\t\t\t\t\t\t\t\t\t\t\t\t\t\t<img decoding=\"async\" width=\"1024\" height=\"684\" src=\"https:\/\/oasis-trainingplatform.com\/wp-content\/uploads\/2024\/04\/community-expanscience-1-1024x684.jpg\" class=\"attachment-large size-large wp-image-9707\" alt=\"\" srcset=\"https:\/\/oasis-trainingplatform.com\/wp-content\/uploads\/2024\/04\/community-expanscience-1-1024x684.jpg 1024w, https:\/\/oasis-trainingplatform.com\/wp-content\/uploads\/2024\/04\/community-expanscience-1-300x200.jpg 300w, https:\/\/oasis-trainingplatform.com\/wp-content\/uploads\/2024\/04\/community-expanscience-1-768x513.jpg 768w, https:\/\/oasis-trainingplatform.com\/wp-content\/uploads\/2024\/04\/community-expanscience-1.jpg 1080w\" sizes=\"(max-width: 1024px) 100vw, 1024px\" \/>\t\t\t\t\t\t\t\t\t\t\t\t\t\t\t<\/div>\n\t\t\t\t<\/div>\n\t\t\t\t\t<\/div>\n\t\t<\/div>\n\t\t\t\t\t<\/div>\n\t\t<\/section>\n\t\t\t\t<\/div>\n\t\t","protected":false},"excerpt":{"rendered":"<p>Laboratorios Expanscience Una empresa francesa orientada a la misi\u00f3n, comprometida en OA desde hace m\u00e1s de 30 a\u00f1os. Una empresa familiar e independiente La independencia es nuestra savia. Somos una empresa francesa 100% familiar, fundada hace m\u00e1s de 70 a\u00f1os. Nuestra misi\u00f3n En Expanscience, somos una empresa impulsada por una misi\u00f3n, y nuestro prop\u00f3sito es [&hellip;]<\/p>\n","protected":false},"author":1,"featured_media":0,"parent":0,"menu_order":0,"comment_status":"closed","ping_status":"closed","template":"","meta":{"_acf_changed":false,"_editorskit_title_hidden":false,"_editorskit_reading_time":0,"_editorskit_is_block_options_detached":false,"_editorskit_block_options_position":"{}","site-sidebar-layout":"no-sidebar","site-content-layout":"page-builder","ast-site-content-layout":"full-width-container","site-content-style":"unboxed","site-sidebar-style":"unboxed","ast-global-header-display":"","ast-banner-title-visibility":"","ast-main-header-display":"","ast-hfb-above-header-display":"","ast-hfb-below-header-display":"","ast-hfb-mobile-header-display":"","site-post-title":"disabled","ast-breadcrumbs-content":"","ast-featured-img":"disabled","footer-sml-layout":"","ast-disable-related-posts":"","theme-transparent-header-meta":"","adv-header-id-meta":"","stick-header-meta":"","header-above-stick-meta":"","header-main-stick-meta":"","header-below-stick-meta":"","astra-migrate-meta-layouts":"default","ast-page-background-enabled":"default","ast-page-background-meta":{"desktop":{"background-color":"var(--ast-global-color-4)","background-image":"","background-repeat":"repeat","background-position":"center center","background-size":"auto","background-attachment":"scroll","background-type":"","background-media":"","overlay-type":"","overlay-color":"","overlay-opacity":"","overlay-gradient":""},"tablet":{"background-color":"","background-image":"","background-repeat":"repeat","background-position":"center center","background-size":"auto","background-attachment":"scroll","background-type":"","background-media":"","overlay-type":"","overlay-color":"","overlay-opacity":"","overlay-gradient":""},"mobile":{"background-color":"","background-image":"","background-repeat":"repeat","background-position":"center center","background-size":"auto","background-attachment":"scroll","background-type":"","background-media":"","overlay-type":"","overlay-color":"","overlay-opacity":"","overlay-gradient":""}},"ast-content-background-meta":{"desktop":{"background-color":"var(--ast-global-color-5)","background-image":"","background-repeat":"repeat","background-position":"center center","background-size":"auto","background-attachment":"scroll","background-type":"","background-media":"","overlay-type":"","overlay-color":"","overlay-opacity":"","overlay-gradient":""},"tablet":{"background-color":"var(--ast-global-color-5)","background-image":"","background-repeat":"repeat","background-position":"center center","background-size":"auto","background-attachment":"scroll","background-type":"","background-media":"","overlay-type":"","overlay-color":"","overlay-opacity":"","overlay-gradient":""},"mobile":{"background-color":"var(--ast-global-color-5)","background-image":"","background-repeat":"repeat","background-position":"center center","background-size":"auto","background-attachment":"scroll","background-type":"","background-media":"","overlay-type":"","overlay-color":"","overlay-opacity":"","overlay-gradient":""}},"footnotes":""},"class_list":["post-9665","page","type-page","status-publish","hentry"],"acf":[],"_links":{"self":[{"href":"https:\/\/oasis-trainingplatform.com\/es\/wp-json\/wp\/v2\/pages\/9665","targetHints":{"allow":["GET"]}}],"collection":[{"href":"https:\/\/oasis-trainingplatform.com\/es\/wp-json\/wp\/v2\/pages"}],"about":[{"href":"https:\/\/oasis-trainingplatform.com\/es\/wp-json\/wp\/v2\/types\/page"}],"author":[{"embeddable":true,"href":"https:\/\/oasis-trainingplatform.com\/es\/wp-json\/wp\/v2\/users\/1"}],"replies":[{"embeddable":true,"href":"https:\/\/oasis-trainingplatform.com\/es\/wp-json\/wp\/v2\/comments?post=9665"}],"version-history":[{"count":8,"href":"https:\/\/oasis-trainingplatform.com\/es\/wp-json\/wp\/v2\/pages\/9665\/revisions"}],"predecessor-version":[{"id":10089,"href":"https:\/\/oasis-trainingplatform.com\/es\/wp-json\/wp\/v2\/pages\/9665\/revisions\/10089"}],"wp:attachment":[{"href":"https:\/\/oasis-trainingplatform.com\/es\/wp-json\/wp\/v2\/media?parent=9665"}],"curies":[{"name":"wp","href":"https:\/\/api.w.org\/{rel}","templated":true}]}}