{"id":9941,"date":"2024-04-22T12:04:33","date_gmt":"2024-04-22T12:04:33","guid":{"rendered":"https:\/\/oasis-trainingplatform.com\/politica-de-cookies\/"},"modified":"2024-06-19T09:17:26","modified_gmt":"2024-06-19T09:17:26","slug":"politica-de-cookies","status":"publish","type":"page","link":"https:\/\/oasis-trainingplatform.com\/es\/politica-de-cookies\/","title":{"rendered":"Pol\u00edtica de Cookies"},"content":{"rendered":"\t\t<div data-elementor-type=\"wp-page\" data-elementor-id=\"9941\" class=\"elementor elementor-9941 elementor-9928\" data-elementor-settings=\"{&quot;ha_cmc_init_switcher&quot;:&quot;no&quot;}\" data-elementor-post-type=\"page\">\n\t\t\t\t\t\t<section data-particle_enable=\"false\" data-particle-mobile-disabled=\"false\" class=\"elementor-section elementor-top-section elementor-element elementor-element-4ebebb44 elementor-section-boxed elementor-section-height-default elementor-section-height-default\" data-id=\"4ebebb44\" data-element_type=\"section\" data-e-type=\"section\" data-settings=\"{&quot;_ha_eqh_enable&quot;:false}\">\n\t\t\t\t\t\t<div class=\"elementor-container elementor-column-gap-default\">\n\t\t\t\t\t<div class=\"elementor-column elementor-col-100 elementor-top-column elementor-element elementor-element-465bf08c\" data-id=\"465bf08c\" data-element_type=\"column\" data-e-type=\"column\">\n\t\t\t<div class=\"elementor-widget-wrap elementor-element-populated\">\n\t\t\t\t\t\t<div class=\"elementor-element elementor-element-62e34ed elementor-widget elementor-widget-heading\" data-id=\"62e34ed\" data-element_type=\"widget\" data-e-type=\"widget\" data-widget_type=\"heading.default\">\n\t\t\t\t<div class=\"elementor-widget-container\">\n\t\t\t\t\t<h2 class=\"elementor-heading-title elementor-size-default\">Pol\u00edtica de Cookies<\/h2>\t\t\t\t<\/div>\n\t\t\t\t<\/div>\n\t\t\t\t<div class=\"elementor-element elementor-element-6c5868c elementor-widget elementor-widget-text-editor\" data-id=\"6c5868c\" data-element_type=\"widget\" data-e-type=\"widget\" data-widget_type=\"text-editor.default\">\n\t\t\t\t<div class=\"elementor-widget-container\">\n\t\t\t\t\t\t\t\t\t<p>Vigente desde el 23 de abril de 2024<br \/>\u00daltima actualizaci\u00f3n el 23 de abril de 2024<\/p>\t\t\t\t\t\t\t\t<\/div>\n\t\t\t\t<\/div>\n\t\t\t\t<div class=\"elementor-element elementor-element-2f136c88 elementor-widget elementor-widget-text-editor\" data-id=\"2f136c88\" data-element_type=\"widget\" data-e-type=\"widget\" data-widget_type=\"text-editor.default\">\n\t\t\t\t<div class=\"elementor-widget-container\">\n\t\t\t\t\t\t\t\t\t<h3>Art\u00edculo 1 &#8211; Definici\u00f3n<\/h3><p>Una cookie o rastreador inform\u00e1tico es un peque\u00f1o archivo que contiene informaci\u00f3n y se almacena en su navegador cada vez que visita nuestro sitio web.<\/p><p>El prop\u00f3sito de las cookies es mantener un registro de su actividad en nuestro sitio web para que, en una visita posterior, el sitio web pueda identificarlo y configurar su contenido seg\u00fan sus h\u00e1bitos de navegaci\u00f3n, su identidad y sus preferencias.<\/p><p>Una cookie es inofensiva y no contiene ning\u00fan c\u00f3digo malicioso o pernicioso (por ejemplo, virus, troyano, gusano inform\u00e1tico, etc.) que pueda da\u00f1ar su dispositivo (computadora, smartphone, tableta, etc.). Sin embargo, tiene un cierto impacto en su derecho a la protecci\u00f3n de sus datos, ya que recopila cierta informaci\u00f3n sobre usted (h\u00e1bitos de navegaci\u00f3n, identidad, preferencias, etc.). Para m\u00e1s informaci\u00f3n, consulte nuestras Condiciones generales de Uso (<strong>CGU)<\/strong> y Pol\u00edtica de Privacidad.<\/p><h3>Art\u00edculo 2 &#8211; Informaci\u00f3n recogida por las cookies<\/h3><p>Las cookies que utilizamos no recogen categor\u00edas especiales de datos personales (datos sensibles): los datos registrados son puramente t\u00e9cnicos (preferencias personales, personalizaci\u00f3n de contenidos, etc.).<\/p><h3>Art\u00edculo 3 &#8211; Los diferentes tipos de cookies<\/h3><p>Existen cinco tipos de cookies:<\/p><ul><li><strong>Cookies t\u00e9cnicas:<\/strong> son las cookies m\u00e1s b\u00e1sicas. Permiten al usuario navegar en una p\u00e1gina web, plataforma o aplicaci\u00f3n, y utilizar las diferentes opciones o servicios que existen en ellas, como por ejemplo, controlar el tr\u00e1fico y la comunicaci\u00f3n de datos, identificar la sesi\u00f3n, acceder a zonas seguras, recordar los elementos de un pedido, realizar el proceso de compra de un pedido, realizar la solicitud de registro o participaci\u00f3n en un evento, usar elementos de seguridad durante la navegaci\u00f3n, almacenar contenidos para la difusi\u00f3n de videos o sonidos, o compartir contenidos a trav\u00e9s de redes sociales.<\/li><li><strong>Cookies personalizadas:<\/strong> son aquellas que permiten al usuario acceder al servicio con ciertas caracter\u00edsticas generales predeterminadas en funci\u00f3n de una serie de criterios en el terminal del usuario, por ejemplo, el idioma, el tipo de navegador a trav\u00e9s del cual accede al servicio, la configuraci\u00f3n regional desde donde accede, etc.<\/li><li><strong>Cookies de an\u00e1lisis:<\/strong> son aquellas que permiten a su responsable seguir y analizar el comportamiento de los usuarios en los sitios web a los que est\u00e1n vinculadas. La informaci\u00f3n obtenida con este tipo de cookies se utiliza para medir la actividad del sitio web, de la aplicaci\u00f3n o de la plataforma, as\u00ed como para elaborar perfiles de navegaci\u00f3n de los usuarios de dichos sitios, aplicaciones o plataformas, con el fin de introducir mejoras en funci\u00f3n del an\u00e1lisis de los datos de uso del servicio por parte de los usuarios.<\/li><li><strong>Cookies publicitarias:<\/strong> son aquellas que permiten gestionar de la manera m\u00e1s eficaz posible los espacios publicitarios que, en su caso, el editor haya incluido en una p\u00e1gina web, aplicaci\u00f3n o plataforma desde la que se presta el servicio solicitado, en funci\u00f3n de criterios como el contenido editado o la frecuencia en la que se muestran los anuncios.<\/li><li><strong>Cookies de segmentaci\u00f3n:<\/strong> son aquellas que permiten la gesti\u00f3n m\u00e1s eficaz de los espacios publicitarios que, en su caso, el responsable haya incluido en una p\u00e1gina web, aplicaci\u00f3n o plataforma desde la que se presta el servicio solicitado. Estas cookies almacenan informaci\u00f3n sobre el comportamiento de los usuarios obtenida a trav\u00e9s de la observaci\u00f3n continua de sus h\u00e1bitos de navegaci\u00f3n, lo que permite desarrollar un perfil espec\u00edfico para mostrar publicidad en funci\u00f3n del mismo.<\/li><\/ul><h3>Art\u00edculo 4 &#8211; Cookies propias y cookies de terceros<\/h3><ul><li><strong>Cookies propias:<\/strong> son aquellas que se generan y gestionan por el responsable que presta el servicio solicitado por el usuario.<\/li><li><strong>Cookies de terceros:<\/strong> son aquellas que se generan por entidades distintas al responsable (servicios o proveedores externos, como por ejemplo Google).<\/li><\/ul><h3>Art\u00edculo 5 &#8211; Cookies utilizadas por el sitio<\/h3><p>Resumen de las cookies almacenadas por nuestro sitio y su finalidad:<\/p><table width=\"594\"><tbody><tr><td><p><strong>Cookies<\/strong><\/p><\/td><td><p><strong>Informaci\u00f3n (*)<\/strong><\/p><\/td><td><p><strong>Finalidad<\/strong><\/p><\/td><\/tr><tr><td colspan=\"3\"><p><strong>COOKIES PROPIAS<\/strong><\/p><\/td><\/tr><tr><td><p><strong>Estrictamente necesarias<\/strong><\/p><\/td><td><p>Sesi\u00f3n, registro, navegaci\u00f3n<\/p><\/td><td><p>Las cookies de sesi\u00f3n se utilizan para almacenar informaci\u00f3n sobre el usuario que ha accedido a la p\u00e1gina, con el fin de recordar sus preferencias, configuraci\u00f3n, etc.<\/p><\/td><\/tr><tr><td colspan=\"3\"><p><strong>\u2022\u00a0\u00a0\u00a0\u00a0\u00a0\u00a0\u00a0\u00a0\u00a0\u00a0 COOKIES DE TERCEROS (la informaci\u00f3n recogida a continuaci\u00f3n ha sido facilitada por estos terceros)<\/strong><\/p><\/td><\/tr><tr><td><p><strong>An\u00e1lisis<\/strong><\/p><\/td><td><p>Google Analytics<\/p><\/td><td><p>Las cookies utilizadas para Google Analytics nos permiten evaluar cu\u00e1ntas personas han visitado nuestra Web y c\u00f3mo lo han hecho. Estas cookies son gestionadas por Google y almacenan informaci\u00f3n sobre las p\u00e1ginas visitadas, el tiempo de permanencia en cada p\u00e1gina, etc&#8230;. En caso de duda, tambi\u00e9n puede consultar la pol\u00edtica de cookies de Google.<\/p><\/td><\/tr><\/tbody><\/table><p>\u00a0<\/p><h3>Art\u00edculo 6 &#8211; Acciones posibles sobre las cookies<\/h3><p>Las cookies pueden ser eliminadas, aceptadas o bloqueadas, seg\u00fan su elecci\u00f3n. Para ello, solo necesita configurar correctamente su navegador. Puede evitar en cualquier momento la instalaci\u00f3n de cookies en su dispositivo (bloqueo) utilizando la opci\u00f3n correspondiente para su navegador, pero, en ese caso, no podemos asegurarle que las diferentes funcionalidades de nuestra p\u00e1gina web funcionen correctamente. Este sitio tambi\u00e9n utiliza cookies u otros dispositivos de almacenamiento en dispositivos m\u00f3viles. En este caso espec\u00edfico, los navegadores de los dispositivos m\u00f3viles le permiten configurar sus preferencias o ajustes de privacidad para desactivar o eliminar las cookies. Si desea cambiar sus preferencias de privacidad, siga las instrucciones de los desarrolladores del navegador de su dispositivo m\u00f3vil. A continuaci\u00f3n, encontrar\u00e1 algunos ejemplos de enlaces que le guiar\u00e1n en la modificaci\u00f3n de sus preferencias de privacidad en su dispositivo m\u00f3vil:<\/p><ul><li>IOS: <a href=\"https:\/\/support.apple.com\/fr-fr\/105082\" target=\"_blank\" rel=\"noopener\">https:\/\/support.apple.com\/fr-fr\/105082<\/a><\/li><li>Windows Phone: <a href=\"https:\/\/support.microsoft.com\/fr-fr\/windows\/windows-phone-7-3ebc303c-59c0-d367-3995-f258b184fabb\" target=\"_blank\" rel=\"noopener\">https:\/\/support.microsoft.com\/fr-fr\/windows\/windows-phone-7-3ebc303c-59c0-d367-3995-f258b184fabb<\/a><\/li><li>Chrome Mobile: <a href=\"https:\/\/support.google.com\/chrome\/answer\/114662?hl=fr&amp;visit_id=636997361188495391-2249536530&amp;rd=1\" target=\"_blank\" rel=\"noopener\">https:\/\/support.google.com\/chrome\/answer\/114662?hl=fr&amp;visit_id=636997361188495391-2249536530&amp;rd=1<\/a><\/li><li>Opera Mobile: <a href=\"https:\/\/bit.ly\/2LBYFN7\" target=\"_blank\" rel=\"noopener\">https:\/\/bit.ly\/2LBYFN7<\/a><\/li><\/ul><h3>Art\u00edculo 7 &#8211; Eliminaci\u00f3n de cookies<\/h3><p>Le proporcionamos instrucciones para eliminar las cookies seg\u00fan el navegador utilizado:<\/p><ul><li><strong>Chrome<\/strong><ol><li>Haga clic en el icono de herramientas,<\/li><li>Haga clic en Configuraci\u00f3n,<\/li><li>Seleccione el enlace &#8220;Mostrar configuraci\u00f3n avanzada&#8230;&#8221;,<\/li><li>En la secci\u00f3n &#8220;Privacidad&#8221;, haga clic en &#8220;Configuraci\u00f3n de contenido&#8230;&#8221;,<\/li><li>Elimine las cookies: haga clic en &#8220;Cookies y datos de sitios&#8221; y elimine las cookies y los datos de sitios,<\/li><li>Haga clic en &#8220;Borrar datos de navegaci\u00f3n&#8221; (vaciar la cach\u00e9). Cierre y reinicie el navegador.<\/li><\/ol><\/li><\/ul><p>Para m\u00e1s informaci\u00f3n sobre Chrome, haga clic aqu\u00ed: <a href=\"http:\/\/support.google.com\/chrome\/answer\/95647?hl=fr\" target=\"_blank\" rel=\"noopener\">http:\/\/support.google.com\/chrome\/answer\/95647?hl=fr<\/a><\/p><ul><li><strong>Internet Explorer. Versi\u00f3n 11<\/strong><ol><li>Seleccione Herramientas | Opciones de Internet,<\/li><li>Haga clic en la pesta\u00f1a &#8220;General&#8221;,<\/li><li>En la secci\u00f3n &#8220;Historial de navegaci\u00f3n&#8221;, marque la casilla &#8220;Eliminar historial de navegaci\u00f3n al salir del navegador&#8221;,<\/li><li>Haga clic en &#8220;Eliminar&#8221;,<\/li><li>Marque &#8220;Cookies&#8221;,<\/li><li>Haga clic en &#8220;Eliminar&#8221;,<\/li><li>Haga clic en &#8220;Aceptar&#8221;,<\/li><li>Cierre y reinicie el navegador.<\/li><\/ol><\/li><\/ul><p>Para m\u00e1s informaci\u00f3n sobre Internet Explorer, puede ir a: <a href=\"https:\/\/support.microsoft.com\/es-es\/help\/278835\/how-to-delete-cookie-files-in-internet-explorer\" target=\"_blank\" rel=\"noopener\">C\u00f3mo eliminar archivos de cookies en Internet Explorer<\/a><\/p><ul><li><strong>Firefox. Versi\u00f3n 65.0.1<\/strong><ol><li>Seleccione Firefox | Historial | Limpiar historial reciente,<\/li><li>Junto a &#8220;Detalles&#8221;, haga clic en la flecha hacia abajo,<\/li><li>Marque las casillas de verificaci\u00f3n: Cookies, Cach\u00e9, Conexiones activas,<\/li><li>En el men\u00fa desplegable &#8220;Rango de tiempo a limpiar&#8221;, seleccione &#8220;Todo&#8221;,<\/li><li>Haga clic en &#8220;Limpiar ahora&#8221;,<\/li><li>Cierre y reinicie el navegador.<\/li><\/ol><\/li><\/ul><p>Puede aceptar o rechazar las cookies individualmente en las Preferencias de Firefox, en la secci\u00f3n Historial, disponible en Herramientas &gt; Opciones &gt; Privacidad y Seguridad. Para m\u00e1s informaci\u00f3n sobre Mozilla Firefox, haga clic aqu\u00ed: <a href=\"https:\/\/www.mozilla.org\/es-ES\/privacy\/\" target=\"_blank\" rel=\"noopener\">Aviso de privacidad de Mozilla<\/a><\/p><ul><li><strong>Safari Versi\u00f3n 5.1<\/strong><ol><li>Seleccione el icono de Safari \/ Editar | Restablecer Safari,<\/li><li>Marque las casillas de verificaci\u00f3n: Borrar historial, datos del sitio,<\/li><li>Haga clic en Restablecer,<\/li><li>Cierre y reinicie el navegador.<\/li><\/ol><\/li><\/ul><p>Para m\u00e1s informaci\u00f3n sobre Safari, haga clic en <a href=\"https:\/\/support.apple.com\/es-es\/guide\/safari\/sfri11471\/mac\" target=\"_blank\" rel=\"noopener\">Administrar cookies y datos de sitios web en Safari<\/a><\/p><ul><li><strong>Opera<\/strong> Herramientas \u2192 Avanzado \u2192 Cookies. Las opciones de cookies controlan c\u00f3mo Opera las gestiona, por lo tanto, tiene la opci\u00f3n de aceptarlas o rechazarlas. Para m\u00e1s informaci\u00f3n sobre Opera, haga clic en <a href=\"https:\/\/help.opera.com\/en\/latest\/security-and-privacy\/#clearBrowsingData\" target=\"_blank\" rel=\"noopener\">Seguridad y privacidad en Opera<\/a><\/li><li><strong>Otros navegadores<\/strong> Consulte los documentos del navegador instalado en su dispositivo.<\/li><\/ul><p>\u00a0<\/p>\t\t\t\t\t\t\t\t<\/div>\n\t\t\t\t<\/div>\n\t\t\t\t\t<\/div>\n\t\t<\/div>\n\t\t\t\t\t<\/div>\n\t\t<\/section>\n\t\t\t\t<\/div>\n\t\t","protected":false},"excerpt":{"rendered":"<p>Vigente desde el 23 de abril de 2024\u00daltima actualizaci\u00f3n el 23 de abril de 2024 Art\u00edculo 1 &#8211; Definici\u00f3n Una cookie o rastreador inform\u00e1tico es un peque\u00f1o archivo que contiene informaci\u00f3n y se almacena en su navegador cada vez que visita nuestro sitio web. El prop\u00f3sito de las cookies es mantener un registro de su [&hellip;]<\/p>\n","protected":false},"author":1,"featured_media":0,"parent":0,"menu_order":0,"comment_status":"closed","ping_status":"closed","template":"","meta":{"_acf_changed":false,"_editorskit_title_hidden":false,"_editorskit_reading_time":0,"_editorskit_is_block_options_detached":false,"_editorskit_block_options_position":"{}","site-sidebar-layout":"default","site-content-layout":"","ast-site-content-layout":"default","site-content-style":"default","site-sidebar-style":"default","ast-global-header-display":"","ast-banner-title-visibility":"","ast-main-header-display":"","ast-hfb-above-header-display":"","ast-hfb-below-header-display":"","ast-hfb-mobile-header-display":"","site-post-title":"disabled","ast-breadcrumbs-content":"","ast-featured-img":"","footer-sml-layout":"","ast-disable-related-posts":"","theme-transparent-header-meta":"","adv-header-id-meta":"","stick-header-meta":"","header-above-stick-meta":"","header-main-stick-meta":"","header-below-stick-meta":"","astra-migrate-meta-layouts":"default","ast-page-background-enabled":"default","ast-page-background-meta":{"desktop":{"background-color":"var(--ast-global-color-4)","background-image":"","background-repeat":"repeat","background-position":"center center","background-size":"auto","background-attachment":"scroll","background-type":"","background-media":"","overlay-type":"","overlay-color":"","overlay-opacity":"","overlay-gradient":""},"tablet":{"background-color":"","background-image":"","background-repeat":"repeat","background-position":"center center","background-size":"auto","background-attachment":"scroll","background-type":"","background-media":"","overlay-type":"","overlay-color":"","overlay-opacity":"","overlay-gradient":""},"mobile":{"background-color":"","background-image":"","background-repeat":"repeat","background-position":"center center","background-size":"auto","background-attachment":"scroll","background-type":"","background-media":"","overlay-type":"","overlay-color":"","overlay-opacity":"","overlay-gradient":""}},"ast-content-background-meta":{"desktop":{"background-color":"var(--ast-global-color-5)","background-image":"","background-repeat":"repeat","background-position":"center center","background-size":"auto","background-attachment":"scroll","background-type":"","background-media":"","overlay-type":"","overlay-color":"","overlay-opacity":"","overlay-gradient":""},"tablet":{"background-color":"var(--ast-global-color-5)","background-image":"","background-repeat":"repeat","background-position":"center center","background-size":"auto","background-attachment":"scroll","background-type":"","background-media":"","overlay-type":"","overlay-color":"","overlay-opacity":"","overlay-gradient":""},"mobile":{"background-color":"var(--ast-global-color-5)","background-image":"","background-repeat":"repeat","background-position":"center center","background-size":"auto","background-attachment":"scroll","background-type":"","background-media":"","overlay-type":"","overlay-color":"","overlay-opacity":"","overlay-gradient":""}},"footnotes":""},"class_list":["post-9941","page","type-page","status-publish","hentry"],"acf":[],"_links":{"self":[{"href":"https:\/\/oasis-trainingplatform.com\/es\/wp-json\/wp\/v2\/pages\/9941","targetHints":{"allow":["GET"]}}],"collection":[{"href":"https:\/\/oasis-trainingplatform.com\/es\/wp-json\/wp\/v2\/pages"}],"about":[{"href":"https:\/\/oasis-trainingplatform.com\/es\/wp-json\/wp\/v2\/types\/page"}],"author":[{"embeddable":true,"href":"https:\/\/oasis-trainingplatform.com\/es\/wp-json\/wp\/v2\/users\/1"}],"replies":[{"embeddable":true,"href":"https:\/\/oasis-trainingplatform.com\/es\/wp-json\/wp\/v2\/comments?post=9941"}],"version-history":[{"count":4,"href":"https:\/\/oasis-trainingplatform.com\/es\/wp-json\/wp\/v2\/pages\/9941\/revisions"}],"predecessor-version":[{"id":10776,"href":"https:\/\/oasis-trainingplatform.com\/es\/wp-json\/wp\/v2\/pages\/9941\/revisions\/10776"}],"wp:attachment":[{"href":"https:\/\/oasis-trainingplatform.com\/es\/wp-json\/wp\/v2\/media?parent=9941"}],"curies":[{"name":"wp","href":"https:\/\/api.w.org\/{rel}","templated":true}]}}