{"id":3267,"date":"2023-05-29T16:03:43","date_gmt":"2023-05-29T16:03:43","guid":{"rendered":"https:\/\/oasis-trainingplatform.com\/mentions-legales\/"},"modified":"2024-06-24T16:48:07","modified_gmt":"2024-06-24T16:48:07","slug":"mentions-legales","status":"publish","type":"page","link":"https:\/\/oasis-trainingplatform.com\/fr\/mentions-legales\/","title":{"rendered":"Mentions l\u00e9gales"},"content":{"rendered":"\t\t<div data-elementor-type=\"wp-page\" data-elementor-id=\"3267\" class=\"elementor elementor-3267 elementor-611\" data-elementor-settings=\"{&quot;ha_cmc_init_switcher&quot;:&quot;no&quot;}\" data-elementor-post-type=\"page\">\n\t\t\t\t\t\t<section data-particle_enable=\"false\" data-particle-mobile-disabled=\"false\" class=\"elementor-section elementor-top-section elementor-element elementor-element-228c1aa8 elementor-section-boxed elementor-section-height-default elementor-section-height-default\" data-id=\"228c1aa8\" data-element_type=\"section\" data-e-type=\"section\" data-settings=\"{&quot;_ha_eqh_enable&quot;:false}\">\n\t\t\t\t\t\t<div class=\"elementor-container elementor-column-gap-default\">\n\t\t\t\t\t<div class=\"elementor-column elementor-col-100 elementor-top-column elementor-element elementor-element-b88ea04\" data-id=\"b88ea04\" data-element_type=\"column\" data-e-type=\"column\">\n\t\t\t<div class=\"elementor-widget-wrap elementor-element-populated\">\n\t\t\t\t\t\t<div class=\"elementor-element elementor-element-e17e92c elementor-widget elementor-widget-heading\" data-id=\"e17e92c\" data-element_type=\"widget\" data-e-type=\"widget\" data-widget_type=\"heading.default\">\n\t\t\t\t<div class=\"elementor-widget-container\">\n\t\t\t\t\t<h2 class=\"elementor-heading-title elementor-size-default\">Mentions l\u00e9gales<\/h2>\t\t\t\t<\/div>\n\t\t\t\t<\/div>\n\t\t\t\t<div class=\"elementor-element elementor-element-ed09e51 elementor-widget elementor-widget-text-editor\" data-id=\"ed09e51\" data-element_type=\"widget\" data-e-type=\"widget\" data-widget_type=\"text-editor.default\">\n\t\t\t\t<div class=\"elementor-widget-container\">\n\t\t\t\t\t\t\t\t\t<p>En vigueur au 23 avril 2024<br \/>Derni\u00e8re mise \u00e0 jour le 5 juin 2024<\/p>\t\t\t\t\t\t\t\t<\/div>\n\t\t\t\t<\/div>\n\t\t\t\t<div class=\"elementor-element elementor-element-eb579ca elementor-widget elementor-widget-text-editor\" data-id=\"eb579ca\" data-element_type=\"widget\" data-e-type=\"widget\" data-widget_type=\"text-editor.default\">\n\t\t\t\t<div class=\"elementor-widget-container\">\n\t\t\t\t\t\t\t\t\t<p>Conform\u00e9ment aux dispositions des Articles 6-III et 19 de la Loi n\u00b02004-575 du 21 juin 2004 pour la Confiance dans l\u2019\u00e9conomie num\u00e9rique, dite L.C.E.N., il est port\u00e9 \u00e0 la connaissance des utilisateurs et visiteurs, ci-apr\u00e8s l&#8221;<strong>Utilisateur<\/strong>&#8220;, du site <a href=\"https:\/\/www.oasis-trainingplatform.com\/\">https:\/\/www.oasis-trainingplatform.com<\/a>, ci-apr\u00e8s le &#8220;<strong>Site<\/strong>&#8220;, les pr\u00e9sentes mentions l\u00e9gales.<\/p><h3>ARTICLE 1 &#8211; GENERALITES<\/h3><p>Le Site est un site d\u2019information g\u00e9n\u00e9rale sur l\u2019arthrose et son traitement. Il s\u2019adresse principalement aux professionnels de la sant\u00e9. Les informations fournies par ce Site sont donc destin\u00e9es \u00e0 am\u00e9liorer les connaissances des professionnels de sant\u00e9 sur l\u2019arthrose.<\/p><p>La connexion et la navigation sur le Site par l\u2019Utilisateur implique acceptation int\u00e9grale et sans r\u00e9serve des pr\u00e9sentes mentions l\u00e9gales.<\/p><h3>ARTICLE 2 &#8211; L&#8217;EDITEUR ET LE RESPONSABLE DE LA REDACTION<\/h3><p>L&#8217;\u00e9dition du Site est assur\u00e9e par la soci\u00e9t\u00e9 Laboratoires Expanscience au capital de 3.081.420 euros, immatricul\u00e9e au Registre du Commerce et des Soci\u00e9t\u00e9s de Nanterre sous le num\u00e9ro 331\u00a0930 081 dont le si\u00e8ge social est situ\u00e9 au 1 Place des Saisons, 92048 Paris La D\u00e9fense C\u00e9dex France.<\/p><p>Num\u00e9ro de t\u00e9l\u00e9phone +33 (0)1 43 34 60 00<\/p><p>N\u00b0 de TVA intracommunautaire : FR 89 331 930 081<\/p><p>(Ci-apr\u00e8s l'&#8221;<strong>Editeur<\/strong>&#8220;).<\/p><p>Madame Florence Pin, en sa qualit\u00e9 de directrice Rhumatologie\u00a0Corporate chez les Laboratoires Expanscience, est le responsable de la publication du site Web (le \u00ab <strong>Directeur de la Publication<\/strong>\u00a0\u00bb).<\/p><h3>ARTICLE 3 \u2013 LE RESPONSABLE DES CONCEPTIONS GRAPHIQUES ET TECHNIQUES<\/h3><p>SPRIM GLOBAL PARTNERS SL est l\u2019agence qui r\u00e9alise et d\u00e9veloppe le Site pour les besoins de l\u2019Editeur\u00a0:<\/p><p>SPRIM GLOBAL PARTNERS SL<br \/>Calle Hermosilla 46, 5 DCHA, ES 28001 Madrid +34.915779065<br \/>Site internet :\u00a0<a href=\"http:\/\/www.sprimhealthcare.com\/\" target=\"_blank\" rel=\"noopener\">www.sprimhealthcare.com<\/a><\/p><h3>ARTICLE 4 &#8211; L&#8217;HEBERGEUR<\/h3><p class=\"Paragraphe\" style=\"text-align: justify;\"><span lang=\"FR\">L&#8217;h\u00e9bergeur du Site est la soci\u00e9t\u00e9 Raiola Networks Espa\u00f1a Hostmaster Raiola Networks dont le si\u00e8ge social est situ\u00e9 Avenida de Magoi n\u00ba66, Semis\u00f3tano Derecha, 27002, Lugo, Espa\u00f1a.<\/span><\/p><p class=\"Paragraphe\" style=\"text-align: justify;\"><span lang=\"FR\">Num\u00e9ro de t\u00e9l\u00e9phone\u00a0: +34.982 77 60 81.<\/span><\/p><p class=\"Paragraphe\" style=\"text-align: justify;\"><span lang=\"FR\">Adresse mail\u00a0:<b> <\/b><a href=\"mailto:info@raiolanetworks.es\">info@raiolanetworks.es<\/a><\/span><\/p><h3>ARTICLE 5 &#8211; ACCES AU SITE<\/h3><p class=\"Paragraphe\" style=\"text-align: justify;\"><span lang=\"FR\">Le Site est accessible en tout endroit, 7j\/7, 24h\/24 sauf cas de force majeure, interruption programm\u00e9e ou non et pouvant d\u00e9coulant d\u2019une n\u00e9cessit\u00e9 de maintenance.<\/span><\/p><p class=\"Paragraphe\" style=\"text-align: justify;\"><span lang=\"FR\">En cas de modification, interruption ou suspension du Site, l&#8217;Editeur ne saurait \u00eatre tenu responsable.<\/span><\/p><h3>ARTICLE 6 &#8211; COLLECTE DES DONNEES<\/h3><p>Le Site assure \u00e0 l&#8217;Utilisateur une collecte et un traitement d&#8217;informations personnelles dans le respect de la vie priv\u00e9e conform\u00e9ment \u00e0 la loi n\u00b078-17 du 6 janvier 1978 relative \u00e0 l&#8217;informatique, aux fichiers et aux libert\u00e9s.<\/p><p>Pour en savoir plus sur la collecte et le traitement des donn\u00e9es personnelles, merci de bien vouloir consulter nos\u00a0 CGU &amp; <a style=\"font-size: 16px; background-color: #ffffff;\" href=\"https:\/\/oasis-trainingplatform.com\/fr\/privacy-policy\/\">Politique de Confidentialit\u00e9<\/a><span style=\"font-size: 16px;\">.<\/span><\/p>\t\t\t\t\t\t\t\t<\/div>\n\t\t\t\t<\/div>\n\t\t\t\t\t<\/div>\n\t\t<\/div>\n\t\t\t\t\t<\/div>\n\t\t<\/section>\n\t\t\t\t<\/div>\n\t\t","protected":false},"excerpt":{"rendered":"<p>Mentions l\u00e9gales En vigueur au 23 avril 2024Derni\u00e8re mise \u00e0 jour le 5 juin 2024 Conform\u00e9ment aux dispositions des Articles 6-III et 19 de la Loi n\u00b02004-575 du 21 juin 2004 pour la Confiance dans l\u2019\u00e9conomie num\u00e9rique, dite L.C.E.N., il est port\u00e9 \u00e0 la connaissance des utilisateurs et visiteurs, ci-apr\u00e8s l&#8221;Utilisateur&#8220;, du site https:\/\/www.oasis-trainingplatform.com, ci-apr\u00e8s [&hellip;]<\/p>\n","protected":false},"author":1,"featured_media":0,"parent":0,"menu_order":0,"comment_status":"closed","ping_status":"closed","template":"","meta":{"_acf_changed":false,"_editorskit_title_hidden":false,"_editorskit_reading_time":0,"_editorskit_is_block_options_detached":false,"_editorskit_block_options_position":"{}","site-sidebar-layout":"default","site-content-layout":"","ast-site-content-layout":"default","site-content-style":"default","site-sidebar-style":"default","ast-global-header-display":"","ast-banner-title-visibility":"","ast-main-header-display":"","ast-hfb-above-header-display":"","ast-hfb-below-header-display":"","ast-hfb-mobile-header-display":"","site-post-title":"disabled","ast-breadcrumbs-content":"","ast-featured-img":"","footer-sml-layout":"","ast-disable-related-posts":"","theme-transparent-header-meta":"","adv-header-id-meta":"","stick-header-meta":"","header-above-stick-meta":"","header-main-stick-meta":"","header-below-stick-meta":"","astra-migrate-meta-layouts":"set","ast-page-background-enabled":"default","ast-page-background-meta":{"desktop":{"background-color":"var(--ast-global-color-4)","background-image":"","background-repeat":"repeat","background-position":"center center","background-size":"auto","background-attachment":"scroll","background-type":"","background-media":"","overlay-type":"","overlay-color":"","overlay-opacity":"","overlay-gradient":""},"tablet":{"background-color":"","background-image":"","background-repeat":"repeat","background-position":"center center","background-size":"auto","background-attachment":"scroll","background-type":"","background-media":"","overlay-type":"","overlay-color":"","overlay-opacity":"","overlay-gradient":""},"mobile":{"background-color":"","background-image":"","background-repeat":"repeat","background-position":"center center","background-size":"auto","background-attachment":"scroll","background-type":"","background-media":"","overlay-type":"","overlay-color":"","overlay-opacity":"","overlay-gradient":""}},"ast-content-background-meta":{"desktop":{"background-color":"var(--ast-global-color-5)","background-image":"","background-repeat":"repeat","background-position":"center center","background-size":"auto","background-attachment":"scroll","background-type":"","background-media":"","overlay-type":"","overlay-color":"","overlay-opacity":"","overlay-gradient":""},"tablet":{"background-color":"var(--ast-global-color-5)","background-image":"","background-repeat":"repeat","background-position":"center center","background-size":"auto","background-attachment":"scroll","background-type":"","background-media":"","overlay-type":"","overlay-color":"","overlay-opacity":"","overlay-gradient":""},"mobile":{"background-color":"var(--ast-global-color-5)","background-image":"","background-repeat":"repeat","background-position":"center center","background-size":"auto","background-attachment":"scroll","background-type":"","background-media":"","overlay-type":"","overlay-color":"","overlay-opacity":"","overlay-gradient":""}},"footnotes":""},"class_list":["post-3267","page","type-page","status-publish","hentry"],"acf":[],"_links":{"self":[{"href":"https:\/\/oasis-trainingplatform.com\/fr\/wp-json\/wp\/v2\/pages\/3267","targetHints":{"allow":["GET"]}}],"collection":[{"href":"https:\/\/oasis-trainingplatform.com\/fr\/wp-json\/wp\/v2\/pages"}],"about":[{"href":"https:\/\/oasis-trainingplatform.com\/fr\/wp-json\/wp\/v2\/types\/page"}],"author":[{"embeddable":true,"href":"https:\/\/oasis-trainingplatform.com\/fr\/wp-json\/wp\/v2\/users\/1"}],"replies":[{"embeddable":true,"href":"https:\/\/oasis-trainingplatform.com\/fr\/wp-json\/wp\/v2\/comments?post=3267"}],"version-history":[{"count":42,"href":"https:\/\/oasis-trainingplatform.com\/fr\/wp-json\/wp\/v2\/pages\/3267\/revisions"}],"predecessor-version":[{"id":10837,"href":"https:\/\/oasis-trainingplatform.com\/fr\/wp-json\/wp\/v2\/pages\/3267\/revisions\/10837"}],"wp:attachment":[{"href":"https:\/\/oasis-trainingplatform.com\/fr\/wp-json\/wp\/v2\/media?parent=3267"}],"curies":[{"name":"wp","href":"https:\/\/api.w.org\/{rel}","templated":true}]}}