{"id":9939,"date":"2024-04-22T12:04:33","date_gmt":"2024-04-22T12:04:33","guid":{"rendered":"https:\/\/oasis-trainingplatform.com\/politique-de-cookies\/"},"modified":"2024-06-24T16:59:17","modified_gmt":"2024-06-24T16:59:17","slug":"politique-de-cookies","status":"publish","type":"page","link":"https:\/\/oasis-trainingplatform.com\/fr\/politique-de-cookies\/","title":{"rendered":"Politique de cookies"},"content":{"rendered":"\t\t<div data-elementor-type=\"wp-page\" data-elementor-id=\"9939\" class=\"elementor elementor-9939 elementor-9928\" data-elementor-settings=\"{&quot;ha_cmc_init_switcher&quot;:&quot;no&quot;}\" data-elementor-post-type=\"page\">\n\t\t\t\t\t\t<section data-particle_enable=\"false\" data-particle-mobile-disabled=\"false\" class=\"elementor-section elementor-top-section elementor-element elementor-element-4ebebb44 elementor-section-boxed elementor-section-height-default elementor-section-height-default\" data-id=\"4ebebb44\" data-element_type=\"section\" data-e-type=\"section\" data-settings=\"{&quot;_ha_eqh_enable&quot;:false}\">\n\t\t\t\t\t\t<div class=\"elementor-container elementor-column-gap-default\">\n\t\t\t\t\t<div class=\"elementor-column elementor-col-100 elementor-top-column elementor-element elementor-element-465bf08c\" data-id=\"465bf08c\" data-element_type=\"column\" data-e-type=\"column\">\n\t\t\t<div class=\"elementor-widget-wrap elementor-element-populated\">\n\t\t\t\t\t\t<div class=\"elementor-element elementor-element-62e34ed elementor-widget elementor-widget-heading\" data-id=\"62e34ed\" data-element_type=\"widget\" data-e-type=\"widget\" data-widget_type=\"heading.default\">\n\t\t\t\t<div class=\"elementor-widget-container\">\n\t\t\t\t\t<h2 class=\"elementor-heading-title elementor-size-default\">Politique de cookies<\/h2>\t\t\t\t<\/div>\n\t\t\t\t<\/div>\n\t\t\t\t<div class=\"elementor-element elementor-element-b6f0527 elementor-widget elementor-widget-text-editor\" data-id=\"b6f0527\" data-element_type=\"widget\" data-e-type=\"widget\" data-widget_type=\"text-editor.default\">\n\t\t\t\t<div class=\"elementor-widget-container\">\n\t\t\t\t\t\t\t\t\t<p>En vigueur au 23 avril 2024<br \/>Derni\u00e8re mise \u00e0 jour le 23 avril 2024<\/p>\t\t\t\t\t\t\t\t<\/div>\n\t\t\t\t<\/div>\n\t\t\t\t<div class=\"elementor-element elementor-element-2f136c88 elementor-widget elementor-widget-text-editor\" data-id=\"2f136c88\" data-element_type=\"widget\" data-e-type=\"widget\" data-widget_type=\"text-editor.default\">\n\t\t\t\t<div class=\"elementor-widget-container\">\n\t\t\t\t\t\t\t\t\t<h3>ARTICLE 1 &#8211; D\u00e9finition<\/h3><p>Un cookie ou traceur informatique est un petit fichier contenant des informations et est stock\u00e9 sur votre navigateur \u00e0 chaque fois que vous visitez notre Site.<\/p><p>L\u2019utilit\u00e9 des cookies est de garder l\u2019historique de votre activit\u00e9 sur notre Site pour permettre, lors d\u2019une visite ult\u00e9rieure, au Site de vous identifier et configurer son contenu en fonction de vos habitudes de navigation, de votre identit\u00e9 et de vos pr\u00e9f\u00e9rences.<\/p><p>Un cookie est inoffensif et n\u2019a aucun code malveillant ou pernicieux (ex. virus, cheval de Troie, ver informatique, etc.) pouvant endommager votre terminal (ordinateur, smartphone, tablette, etc.) mais, en revanche, il a un certain impact sur votre droit \u00e0 la protection de vos donn\u00e9es, puisqu\u2019il recueille certains renseignements vous concernant (habitudes de navigation, identit\u00e9, pr\u00e9f\u00e9rences, etc.). Pour en savoir plus, merci de bien vouloir consulter nos <a href=\"https:\/\/oasis-trainingplatform.com\/fr\/politique-de-confidentialite\/\">CGU &amp; Politique de Confidentialit\u00e9<\/a>.<\/p><h3>ARTICLE 2 &#8211; Informations retenues par les cookies<\/h3><p>Les cookies que nous utilisons ne recueillent pas des cat\u00e9gories sp\u00e9ciales de donn\u00e9es personnelles (donn\u00e9es sensibles)\u00a0: les donn\u00e9es enregistr\u00e9es sont purement techniques (pr\u00e9f\u00e9rences personnelles, personnalisation des contenus, etc.).<\/p><h3>ARTICLE 3 &#8211; Informations retenues par les cookies<\/h3><p>Il existe cinq types de cookies :<\/p><ul><li><strong>Les cookies techniques <\/strong><strong>:<\/strong>\u00a0ce sont les cookies les plus basiques. Ils permettent \u00e0 l\u2019utilisateur de naviguer sur une page web, plate-forme ou application, et d\u2019utiliser les diff\u00e9rentes options ou services qui y existent, comme par exemple, contr\u00f4ler le trafic et la communication des donn\u00e9es, identifier la session, acc\u00e9der \u00e0 des zones s\u00e9curis\u00e9es, m\u00e9moriser les \u00e9l\u00e9ments d\u2019une commande, r\u00e9aliser le processus d\u2019achat d\u2019une commande, r\u00e9aliser la p\u00e9tition d\u2019enregistrement ou de participation \u00e0 un \u00e9v\u00e9nement, utiliser des \u00e9l\u00e9ments de s\u00e9curit\u00e9 pendant la navigation, stocker des contenus pour la diffusion de vid\u00e9os ou sons, ou partager des contenus \u00e0 travers les r\u00e9seaux sociaux.<\/li><li><strong>Les cookies de personnalisation <\/strong><strong>:<\/strong>\u00a0ce sont ceux qui permettent \u00e0 l\u2019utilisateur d\u2019acc\u00e9der au service avec certaines caract\u00e9ristiques g\u00e9n\u00e9rales pr\u00e9d\u00e9termin\u00e9es en fonction d\u2019une s\u00e9rie de crit\u00e8res sur le terminal de l\u2019utilisateur, comme par exemple la langue, le type de navigateur \u00e0 travers lequel vous acc\u00e9dez au service, la configuration r\u00e9gionale d\u2019o\u00f9 vous y acc\u00e9dez, etc.<\/li><li><strong>Les cookies analytiques <\/strong><strong>:<\/strong>\u00a0ce sont ceux qui permettent \u00e0 leur responsable de suivre et d\u2019analyser le comportement des utilisateurs sur les sites web auxquels ils sont reli\u00e9s. L\u2019information obtenue avec ce genre de cookies est utilis\u00e9e pour mesurer l\u2019activit\u00e9 du site web, de l\u2019application ou de la plate-forme ainsi que pour \u00e9laborer des profils de navigation des utilisateurs de ce site, application ou plate-forme, afin d\u2019introduire des am\u00e9liorations en fonction de l\u2019analyse des donn\u00e9es de l\u2019utilisation du service par les utilisateurs.<\/li><li><strong>Les cookies publicitaires <\/strong><strong>: <\/strong>ce sont ceux qui permettent de g\u00e9rer plus efficacement les espaces publicitaires inclus par l\u2019\u00e9diteur, si c\u2019est le cas, sur une page web, application ou plate-forme d\u2019o\u00f9 est fourni le service demand\u00e9, selon des crit\u00e8res tels que le contenu \u00e9dit\u00e9 ou la fr\u00e9quence des publicit\u00e9s montr\u00e9es.<\/li><li><strong>Les cookies de ciblage publicitaire <\/strong><strong>:<\/strong>\u00a0ce sont ceux qui permettent la gestion plus efficace des espaces publicitaires inclus, si c\u2019est le cas, par le responsable sur une page web, une application ou une plate-forme d\u2019o\u00f9 est fourni le service demand\u00e9. Ces cookies enregistrent les informations au sujet du comportement des utilisateurs, obtenues par l\u2019observation permanente de leurs habitudes de navigation, ce qui permet de d\u00e9velopper un profil sp\u00e9cifique pour montrer de la publicit\u00e9 en fonction de celui-ci.<\/li><\/ul><h3>ARTICLE 4 &#8211; Cookies propres et cookies tiers<\/h3><ul><li><strong>Cookies propres <\/strong><strong>:<\/strong> ce sont ceux qui sont g\u00e9n\u00e9r\u00e9s et g\u00e9r\u00e9s par le responsable pr\u00eatant le service demand\u00e9 par l\u2019utilisateur.<\/li><li><strong>Cookies tiers :<\/strong>\u00a0ce sont ceux qui sont g\u00e9n\u00e9r\u00e9s par des entit\u00e9s autres que le responsable (services ou fournisseurs externes, comme par exemple Google).<\/li><\/ul><h3>ARTICLE 5 &#8211; Cookies retenus par le site<\/h3><p>Synth\u00e8se des cookies stock\u00e9s par notre Site et leur finalit\u00e9 :<\/p><figure class=\"wp-block-table\"><table><tbody><tr><td><strong>Cookies<\/strong><\/td><td><strong>Informations (*)<\/strong><\/td><td><strong>Objectif<\/strong><\/td><\/tr><tr><td colspan=\"3\"><strong>PROPRES COOKIES<\/strong><\/td><\/tr><tr><td>Strictement n\u00e9cessaire<\/td><td>Session, enregistrement, navigation<\/td><td>Les cookies de session sont utilis\u00e9s pour stocker les renseignements sur l\u2019utilisateur qui a acc\u00e9d\u00e9 \u00e0 la page, afin de se rappeler de ses pr\u00e9f\u00e9rences, sa configuration, etc.<\/td><\/tr><tr><td colspan=\"3\"><strong>THIRD-PARTY COOKIES<\/strong> (les informations collect\u00e9es comme suit ont \u00e9t\u00e9 fournies par ces tiers)<\/td><\/tr><tr><td>Analytiques<\/td><td>Google Analytics<\/td><td>Les cookies utilis\u00e9s pour Google Analytics nous servent \u00e0 \u00e9valuer combien de gens ont visit\u00e9 notre Site et de quelle mani\u00e8re ils l\u2019ont fait. Ces cookies sont g\u00e9r\u00e9s par Google et stockent l\u2019information concernant les pages visit\u00e9es, le temps pass\u00e9 sur chacune d\u2019elles, etc\u2026. En cas de doute, vous pouvez consulter aussi la\u00a0<a href=\"https:\/\/oasis-trainingplatform.com\/fr\/politique-de-cookies\/\">politique cookies de Google<\/a>.<\/td><\/tr><\/tbody><\/table><\/figure><p><a>Choix du consentement<\/a><\/p><h3>ARTICLE 6 &#8211; Actions possibles sur les cookies<\/h3><p>Les cookies peuvent \u00eatre effac\u00e9s, accept\u00e9s ou bloqu\u00e9s, selon votre choix. Pour cela, vous devez seulement configurer correctement votre navigateur web. Vous pouvez \u00e0 tout moment \u00e9viter l\u2019installation de cookies sur votre terminal (blocage) avec l\u2019option correspondante pour votre navigateur mais, dans ce cas, nous ne pourrons pas vous assurer que les diff\u00e9rentes fonctionnalit\u00e9s de notre page web fonctionnent correctement.<\/p><p>Ce Site utilise \u00e9galement des cookies ou d\u2019autres dispositifs de stockage sur les appareils mobiles. Dans ce cas pr\u00e9cis, les navigateurs des dispositifs mobiles vous permettent de configurer vos pr\u00e9f\u00e9rences ou param\u00e8tres en mati\u00e8re de confidentialit\u00e9 pour d\u00e9sactiver ou effacer les cookies. Si vous souhaitez modifier vos pr\u00e9f\u00e9rences en mati\u00e8re de confidentialit\u00e9, veuillez suivre les instructions des d\u00e9veloppeurs du navigateur de votre dispositif mobile. Vous trouverez \u00e9galement ci-apr\u00e8s quelques exemples de liens qui vous guideront dans la modification de vos pr\u00e9f\u00e9rences de confidentialit\u00e9 sur votre dispositif mobile :<\/p><ul><li><strong>IOS<\/strong>\u00a0:\u00a0<a href=\"https:\/\/support.apple.com\/fr-fr\/105082\" target=\"_blank\" rel=\"noopener\">https:\/\/support.apple.com\/fr-fr\/105082<\/a><\/li><li><strong>Windows Phone :<\/strong>\u00a0<a href=\"https:\/\/support.microsoft.com\/fr-fr\/windows\/windows-phone-7-3ebc303c-59c0-d367-3995-f258b184fabb\" target=\"_blank\" rel=\"noopener\">https:\/\/support.microsoft.com\/fr-fr\/windows\/windows-phone-7-3ebc303c-59c0-d367-3995-f258b184fabb<\/a><\/li><li><strong>Chrome Mobile :<\/strong>\u00a0<a href=\"https:\/\/bit.ly\/2Y8lDVS\" target=\"_blank\" rel=\"noopener\">https:\/\/support.google.com\/chrome\/answer\/114662?hl=fr&amp;visit_id=636997361188495391-2249536530&amp;rd=1<\/a><\/li><li><strong>Opera Mobile :<\/strong>\u00a0<a href=\"https:\/\/bit.ly\/2LBYFN7\" target=\"_blank\" rel=\"noopener\">https:\/\/bit.ly\/2LBYFN7<\/a><\/li><\/ul><h3>ARTICLE 7 &#8211; Effacement des cookies<\/h3><p>Nous vous facilitons les instructions pour effacer les cookies en fonction du navigateur utilis\u00e9 :<\/p><ul><li><strong>Chrome<\/strong><\/li><\/ul><ol><li>Cliquez sur l\u2019ic\u00f4ne Outils,<\/li><li>Cliquez sur Param\u00e8tres,<\/li><li>S\u00e9lectionnez le lien \u00ab Afficher les param\u00e8tres avanc\u00e9s\u2026 \u00bb,<\/li><li>Dans la partie \u00ab Confidentialit\u00e9 \u00bb, cliquez sur \u00ab Param\u00e8tres de contenu\u2026 \u00bb,<\/li><\/ol><ul><li>Effacez les cookies : cliquez sur \u00ab Cookies et donn\u00e9es des sites \u00bb Supprimez les cookies<\/li><li>et les donn\u00e9es de sites,<\/li><\/ul><ol><li>Cliquez sur \u00ab Effacer les donn\u00e9es de navigation \u00bb (vider le cache). Fermez et r\u00e9initialisez le navigateur.<\/li><li>Fermez et red\u00e9marrez le navigateur.\u00a0\u00a0\u00a0\u00a0<\/li><\/ol><p>Pour plus d\u2019informations sur Chrome, cliquez ici\u00a0: \u00a0<a href=\"http:\/\/support.google.com\/chrome\/answer\/95647?hl=fr\" target=\"_blank\" rel=\"noopener\">http:\/\/support.google.com\/chrome\/answer\/95647?hl=fr<\/a><\/p><ul><li><strong>Internet Explorer. Version 11\u00a0 <\/strong><\/li><\/ul><ol><li>S\u00e9lectionnez Outils | Options Internet,<\/li><li>Cliquez sur l\u2019onglet \u00ab G\u00e9n\u00e9ral \u00bb,<\/li><li>Dans la section \u00ab Historique de navigation \u00bb, cochez la case \u00ab Supprimer l\u2019historique de navigation en quittant le navigateur \u00bb,<\/li><li>Cliquez sur \u00ab Supprimer \u00bb,<\/li><li>Cochez \u00ab Cookies \u00bb,<\/li><li>Cliquez sur \u00ab Supprimer \u00bb,<\/li><li>Cliquez sur \u00ab OK \u00bb,<\/li><li>Fermez et red\u00e9marrez le navigateur.<\/li><\/ol><p>Fermez et relancez le navigateur. Pour plus d\u2019informations sur Internet Explorer vous pouvez aller sur : Comment faire pour supprimer des fichiers cookie dans Internet Explorer (<a href=\"https:\/\/support.microsoft.com\/es-es\/help\/278835\/how-to-delete-cookie-files-in-internet-explorer\" target=\"_blank\" rel=\"noopener\">microsoft.com<\/a>)<\/p><ul><li><strong>Firefox. Version 65.0.1<\/strong><\/li><\/ul><ol><li>S\u00e9lectionnez Firefox | Historique | Effacer l\u2019historique,<\/li><li>\u00c0 c\u00f4t\u00e9 de \u00ab D\u00e9tails \u00bb, cliquez sur la fl\u00e8che qui pointe vers le bas,<\/li><li>S\u00e9lectionnez les cases de v\u00e9rification : Cookies, Cache, Connexions actives,<\/li><li>En utilisant le menu d\u00e9roulant \u00ab Intervalle \u00e0 effacer \u00bb, s\u00e9lectionnez \u00ab Tout \u00bb,<\/li><li>Cliquez sur \u00ab Supprimez \u00bb,<\/li><li>Fermez et red\u00e9marrez le navigateur.<\/li><\/ol><p>Fermez et red\u00e9marrez le navigateur. Vous pouvez accepter ou refuser les cookies individuellement avec les Pr\u00e9f\u00e9rences de Firefox, dans la section Historique, disponible sur Outils &gt; Options &gt; Vie priv\u00e9e et s\u00e9curit\u00e9. Pour plus d\u2019informations sur Mozilla Firefox cliquez ici :\u00a0<a href=\"https:\/\/oasis-trainingplatform.com\/fr\/politique-de-cookies\/\">Avis de confidentialit\u00e9 relatif aux sites Web, communications et cookies \u2014 Mozilla<\/a><\/p><ul><li><strong>Safari Version 5.1<\/strong><\/li><\/ul><p>S\u00e9lectionnez l\u2019ic\u00f4ne de Safari \/ Modifier | R\u00e9initialiser Safari.<\/p><ol><li>S\u00e9lectionnez les cases de v\u00e9rification suivantes : Effacer l\u2019historique, donn\u00e9es de site,<\/li><li>Cliquez sur R\u00e9initialiser,<\/li><li>Fermez et red\u00e9marrez le navigateur,<\/li><\/ol><p>Pour plus d\u2019informations sur Safari cliquez sur\u00a0<a href=\"https:\/\/support.apple.com\/es-es\/guide\/safari\/sfri11471\/mac\" target=\"_blank\" rel=\"noopener\">G\u00e9rer les cookies et les donn\u00e9es de sites web dans Safari sur Mac \u2013 Assistance Apple<\/a><\/p><ul><li><strong>Opera<\/strong><\/li><\/ul><p>Outils \u00e8 Avanc\u00e9 \u00e8 Cookies.<\/p><p>Les options de cookies contr\u00f4lent la fa\u00e7on dont Opera les g\u00e8re et donc l\u2019option de les accepter ou refuser. Pour plus d\u2019informations sur Opera cliquez sur\u00a0<a href=\"https:\/\/oasis-trainingplatform.com\/fr\/politique-de-cookies\/\">https:\/\/help.opera.com\/en\/latest\/security-and-privacy\/#clearBrowsingData<\/a><\/p><ul><li><strong>Autres navigateurs<\/strong><\/li><\/ul><p>Veuillez consulter les documents du navigateur install\u00e9 sur votre appareil.<\/p>\t\t\t\t\t\t\t\t<\/div>\n\t\t\t\t<\/div>\n\t\t\t\t\t<\/div>\n\t\t<\/div>\n\t\t\t\t\t<\/div>\n\t\t<\/section>\n\t\t\t\t<\/div>\n\t\t","protected":false},"excerpt":{"rendered":"<p>Politique de cookies En vigueur au 23 avril 2024Derni\u00e8re mise \u00e0 jour le 23 avril 2024 ARTICLE 1 &#8211; D\u00e9finition Un cookie ou traceur informatique est un petit fichier contenant des informations et est stock\u00e9 sur votre navigateur \u00e0 chaque fois que vous visitez notre Site. L\u2019utilit\u00e9 des cookies est de garder l\u2019historique de votre [&hellip;]<\/p>\n","protected":false},"author":1,"featured_media":0,"parent":0,"menu_order":0,"comment_status":"closed","ping_status":"closed","template":"","meta":{"_acf_changed":false,"_editorskit_title_hidden":false,"_editorskit_reading_time":0,"_editorskit_is_block_options_detached":false,"_editorskit_block_options_position":"{}","site-sidebar-layout":"default","site-content-layout":"","ast-site-content-layout":"default","site-content-style":"default","site-sidebar-style":"default","ast-global-header-display":"","ast-banner-title-visibility":"","ast-main-header-display":"","ast-hfb-above-header-display":"","ast-hfb-below-header-display":"","ast-hfb-mobile-header-display":"","site-post-title":"disabled","ast-breadcrumbs-content":"","ast-featured-img":"","footer-sml-layout":"","ast-disable-related-posts":"","theme-transparent-header-meta":"","adv-header-id-meta":"","stick-header-meta":"","header-above-stick-meta":"","header-main-stick-meta":"","header-below-stick-meta":"","astra-migrate-meta-layouts":"default","ast-page-background-enabled":"default","ast-page-background-meta":{"desktop":{"background-color":"var(--ast-global-color-4)","background-image":"","background-repeat":"repeat","background-position":"center center","background-size":"auto","background-attachment":"scroll","background-type":"","background-media":"","overlay-type":"","overlay-color":"","overlay-opacity":"","overlay-gradient":""},"tablet":{"background-color":"","background-image":"","background-repeat":"repeat","background-position":"center center","background-size":"auto","background-attachment":"scroll","background-type":"","background-media":"","overlay-type":"","overlay-color":"","overlay-opacity":"","overlay-gradient":""},"mobile":{"background-color":"","background-image":"","background-repeat":"repeat","background-position":"center center","background-size":"auto","background-attachment":"scroll","background-type":"","background-media":"","overlay-type":"","overlay-color":"","overlay-opacity":"","overlay-gradient":""}},"ast-content-background-meta":{"desktop":{"background-color":"var(--ast-global-color-5)","background-image":"","background-repeat":"repeat","background-position":"center center","background-size":"auto","background-attachment":"scroll","background-type":"","background-media":"","overlay-type":"","overlay-color":"","overlay-opacity":"","overlay-gradient":""},"tablet":{"background-color":"var(--ast-global-color-5)","background-image":"","background-repeat":"repeat","background-position":"center center","background-size":"auto","background-attachment":"scroll","background-type":"","background-media":"","overlay-type":"","overlay-color":"","overlay-opacity":"","overlay-gradient":""},"mobile":{"background-color":"var(--ast-global-color-5)","background-image":"","background-repeat":"repeat","background-position":"center center","background-size":"auto","background-attachment":"scroll","background-type":"","background-media":"","overlay-type":"","overlay-color":"","overlay-opacity":"","overlay-gradient":""}},"footnotes":""},"class_list":["post-9939","page","type-page","status-publish","hentry"],"acf":[],"_links":{"self":[{"href":"https:\/\/oasis-trainingplatform.com\/fr\/wp-json\/wp\/v2\/pages\/9939","targetHints":{"allow":["GET"]}}],"collection":[{"href":"https:\/\/oasis-trainingplatform.com\/fr\/wp-json\/wp\/v2\/pages"}],"about":[{"href":"https:\/\/oasis-trainingplatform.com\/fr\/wp-json\/wp\/v2\/types\/page"}],"author":[{"embeddable":true,"href":"https:\/\/oasis-trainingplatform.com\/fr\/wp-json\/wp\/v2\/users\/1"}],"replies":[{"embeddable":true,"href":"https:\/\/oasis-trainingplatform.com\/fr\/wp-json\/wp\/v2\/comments?post=9939"}],"version-history":[{"count":5,"href":"https:\/\/oasis-trainingplatform.com\/fr\/wp-json\/wp\/v2\/pages\/9939\/revisions"}],"predecessor-version":[{"id":10841,"href":"https:\/\/oasis-trainingplatform.com\/fr\/wp-json\/wp\/v2\/pages\/9939\/revisions\/10841"}],"wp:attachment":[{"href":"https:\/\/oasis-trainingplatform.com\/fr\/wp-json\/wp\/v2\/media?parent=9939"}],"curies":[{"name":"wp","href":"https:\/\/api.w.org\/{rel}","templated":true}]}}